{"id":20683,"date":"2024-11-21T09:06:16","date_gmt":"2024-11-21T07:06:16","guid":{"rendered":"https:\/\/energyefficiencymovement.com\/willkommen-bei-der-energieeffizienz-bewegung\/veranstaltungs-toolkit\/"},"modified":"2025-01-07T11:41:02","modified_gmt":"2025-01-07T09:41:02","slug":"veranstaltungs-toolkit","status":"publish","type":"page","link":"https:\/\/energyefficiencymovement.com\/de\/veranstaltungs-toolkit\/","title":{"rendered":"Veranstaltungs-Toolkit"},"content":{"rendered":"\n<div class=\"hero\">\n\n        <div style=\"background-image: url('https:\/\/energyefficiencymovement.com\/wp-content\/uploads\/2024\/11\/AdobeStock_106840389-scaled.jpeg');\" class=\"heroBG mb-5 break-out\" data-aos=\"fade-in\" data-aos-delay=\"0\">\n\n            <div class=\"gradient \"><\/div>\n\n\t\t\t<div class=\"container heroContainer\" tabindex=\"-1\">\n\t\t\t\t<div class=\"d-flex flex-row justify-content-between align-items-center align-self-center h-100\">\n\t\t\t\t\t<div class=\"col-10 col-md-10 col-lg-8 col-xl-8 pt-5 pt-xl-0\">\n\t\t\t\t\t\t\t\t\t\t\t\t\t<h1 class=\"text-white font-weight-light\" data-aos=\"fade-up\" data-aos-delay=\"50\">\n\t\t\t\t\t\t\t\t<p>Energie-Effizienz-Bewegung<br \/>\n<strong>Veranstaltungs-Toolkit<\/strong><\/p>\n\t\t\t\t\t\t\t<\/h1>\n\t\t\t\t\t\t\t\t\t\t\t\t\t\t\t\t\t<\/div>\n\n\n\t\t\t\t\t\n\n\t\t\t\t\t\t\t\t\t\t\n\t\t\t\t<\/div>\n\t\t\t<\/div>\n\n\t\t\t<\/div><\/div>\n\n\t<div class=\"contentblock \">\n\t\t<div class=\"row pt-4 pb-3 \" data-aos=\"fade-up\">\n\t\t\t<div class=\"col\">\n\t\t\t\t<div class=\"wrapper   mediumText \" style=\"background-color: #CCF1E9\">\n\t\t\t\t\t<div class=\"row d-flex flex-md-nowrap align-items-center align-items-md-start justify-content-center justify-content-md-start\">\n\t\t\t\t\t\t<div class=\"col-12 col-md-8 px-5 px-md-2 pt-4 pb-5 pb-lg-4 py-xl-5\">\n\t\t\t\t\t\t\t\t\t\t\t\t\t\t<div class=\"ml-xl-2 mr-xl-5\"><p><strong>Willkommen beim Event-Toolkit!<\/strong>  Auf dieser Seite finden Sie alles, was Sie brauchen, um Ihre eigene Veranstaltung zum Thema Energieeffizienz zu organisieren. In diesem Toolkit finden Sie Vorschl\u00e4ge und Ideen, die Sie f\u00fcr sich nutzen k\u00f6nnen. Lassen Sie sich davon inspirieren und w\u00e4hlen Sie aus, was Sie f\u00fcr Ihr \u00d6kosystem f\u00fcr geeignet halten. Halten Sie auch Ausschau nach Gelegenheiten, ein kurzes Thema in einem der kommenden EEM-Webinare zu pr\u00e4sentieren!  <\/p>\n<\/div>\n\t\t\t\t\t\t<\/div>\n\t\t\t\t\t\t<div class=\"col-12 col-md-2  order-first \">\n\t\t\t\t\t\t\t\t\t\t\t\t\t\t\t\t<img decoding=\"async\" src=\"https:\/\/energyefficiencymovement.com\/wp-content\/uploads\/2024\/11\/eem-icon-event.png\" alt=\"\" class=\"pl-3 pl-md-4 pl-xl-5 pr-3 pr-md-4 pr-xl-4 py-3 py-md-4 py-xl-5\" \/>\n\t\t\t\t\t\t\t\t\t\t\t\t\t<\/div>\n\t\t\t\t\t<\/div>\n\t\t\t\t<\/div>\n\t\t\t<\/div>\n\t\t<\/div>\n\t<\/div>\n\n\n<div class=\"wp-block-columns is-layout-flex wp-container-core-columns-is-layout-9d6595d7 wp-block-columns-is-layout-flex\">\n<div class=\"wp-block-column is-layout-flow wp-block-column-is-layout-flow\">\n\n\t<div class=\"contentblock extraSpace \">\n\t\t<div class=\"row  \" data-aos=\"fade-up\">\n\t\t\t<div class=\"col\">\n\t\t\t\t<div class=\"wrapper   mediumText \" style=\"background-color: #FFFFFF\">\n\t\t\t\t\t<div class=\"row d-flex align-items-start\">\n\t\t\t\t\t\t<div class=\"col-12\">\n\t\t\t\t\t\t\t<div class=\"pl-4 pl-md-5 pr-4 pr-lg-2 pt-4 pb-5 pb-lg-4 \">\n\t\t\t\t\t\t\t\t\t\t\t\t\t\t\t\t\t<h2 class=\"mr-xl-5\">Inhalt<\/h2>\n\t\t\t\t\t\t\t\t\t\t\t\t\t\t\t\t<div class=\"mr-xl-5\"><div class=\"extraSpace\">\n<p><a href=\"https:\/\/energyefficiencymovement.com\/movers-area\/event-toolkit\/physical-event-the-venue\/\">Gewusst wie: <strong>Physikalisches Ereignis &#8220;<\/strong><\/a><br \/>\n<a href=\"https:\/\/energyefficiencymovement.com\/movers-area\/event-toolkit\/organizing-a-successful-webinar\/\">Gewusst wie: <strong>Webinare &#8220;<\/strong><\/a><br \/>\n<a href=\"https:\/\/energyefficiencymovement.com\/movers-area\/event-toolkit\/organizing-a-virtual-conference\/\">Gewusst wie: <strong>Virtuelle Konferenzen &#8220;<\/strong><\/a><br \/>\n<a href=\"https:\/\/energyefficiencymovement.com\/movers-area\/event-toolkit\/guest-target-groups\/\">Gewusst wie: <strong>G\u00e4ste &#8220;<\/strong><\/a><br \/>\n<a href=\"https:\/\/energyefficiencymovement.com\/movers-area\/event-toolkit\/setting-an-agenda-for-an-interactive-event\/\">Gewusst wie: <strong>Tagesordnung &#8220;<\/strong><\/a><br \/>\n<a href=\"https:\/\/energyefficiencymovement.com\/movers-area\/event-toolkit\/facilitation-for-interactive-events\/\">Gewusst wie: <strong>Erleichterung &#8220;<\/strong><\/a><br \/>\n<a href=\"https:\/\/energyefficiencymovement.com\/de\/willkommen-bei-der-energieeffizienz-bewegung\/kommunikations-toolkit\/logos-bilder\/\">Gewusst wie: <strong>EEM-Branding und Assets &#8220;<\/strong><\/a><br \/>\n<a href=\"https:\/\/energyefficiencymovement.com\/wp-content\/uploads\/2024\/10\/EEM-PPT-Template.pptx\">Gewusst wie: <strong>Pr\u00e4sentationsvorlage &#8220;<\/strong><\/a><br \/>\n<a href=\"https:\/\/energyefficiencymovement.com\/wp-content\/uploads\/2024\/11\/EEM_Roll-ups.zip\">So geht&#8217;s: <strong>Roll-ups &#8220;<\/strong><\/a><\/p>\n<\/div>\n<\/div>\n\t\t\t\t\t\t\t<\/div>\n\t\t\t\t\t\t<\/div>\n\t\t\t\t\t<\/div>\n\t\t\t\t<\/div>\n\t\t\t<\/div>\n\t\t<\/div>\n\t<\/div>\n\n<\/div>\n\n\n\n<div class=\"wp-block-column is-layout-flow wp-block-column-is-layout-flow\">\n\n\t<div class=\"contentblock \">\n\t\t<div class=\"row pt-4 pb-3 \" data-aos=\"fade-up\">\n\t\t\t<div class=\"col\">\n\t\t\t\t<div class=\"wrapper  \" style=\"background-color: #CCF1E9\">\n\t\t\t\t\t<div class=\"row d-flex align-items-start\">\n\t\t\t\t\t\t<div class=\"col-12\">\n\t\t\t\t\t\t\t<div class=\"pl-4 pl-md-5 pr-4 pr-lg-2 pt-4 pb-5 pb-lg-4 py-xl-5\">\n\t\t\t\t\t\t\t\t\t\t\t\t\t\t\t\t\t<h2 class=\"mr-xl-5\">Tipps f\u00fcr eine erfolgreiche Veranstaltung<\/h2>\n\t\t\t\t\t\t\t\t\t\t\t\t\t\t\t\t<div class=\"mr-xl-5\"><table>\n<tbody>\n<tr>\n<td><img loading=\"lazy\" decoding=\"async\" class=\"alignnone size-full wp-image-13148 mt-3 mb-3 mr-4\" src=\"https:\/\/energyefficiencymovement.com\/wp-content\/uploads\/2024\/11\/eem-bullet-be-creative2.png\" alt=\"\" width=\"75\" height=\"75\" srcset=\"https:\/\/energyefficiencymovement.com\/wp-content\/uploads\/2024\/11\/eem-bullet-be-creative2.png 200w, https:\/\/energyefficiencymovement.com\/wp-content\/uploads\/2024\/11\/eem-bullet-be-creative2-150x150.png 150w\" sizes=\"auto, (max-width: 75px) 100vw, 75px\" \/><\/td>\n<td><strong>Machen Sie die Veranstaltung nicht zu komplex.<\/strong>  Seien Sie kreativ &#8211; es muss nicht gro\u00df sein oder die beste Agenda haben. Wichtig ist, dass Sie den Dialog in Gang bringen und ein Netzwerk aufbauen. <\/td>\n<\/tr>\n<tr>\n<td><img loading=\"lazy\" decoding=\"async\" class=\"alignnone size-full wp-image-13149 mt-3 mb-3 mr-4\" src=\"https:\/\/energyefficiencymovement.com\/wp-content\/uploads\/2024\/11\/eem-bullet-own-the-event2.png\" alt=\"\" width=\"75\" height=\"75\" srcset=\"https:\/\/energyefficiencymovement.com\/wp-content\/uploads\/2024\/11\/eem-bullet-own-the-event2.png 200w, https:\/\/energyefficiencymovement.com\/wp-content\/uploads\/2024\/11\/eem-bullet-own-the-event2-150x150.png 150w\" sizes=\"auto, (max-width: 75px) 100vw, 75px\" \/><\/td>\n<td><strong>\u00dcbernehmen Sie die Veranstaltung<\/strong> &#8211; Begrenzen Sie die Anzahl der Organisatoren, um die Planung zu vereinfachen.<\/td>\n<\/tr>\n<tr>\n<td><img loading=\"lazy\" decoding=\"async\" class=\"alignnone size-full wp-image-13150 mt-3 mb-3 mr-4\" src=\"https:\/\/energyefficiencymovement.com\/wp-content\/uploads\/2024\/11\/eem-bullet-language2.png\" alt=\"\" width=\"75\" height=\"75\" srcset=\"https:\/\/energyefficiencymovement.com\/wp-content\/uploads\/2024\/11\/eem-bullet-language2.png 200w, https:\/\/energyefficiencymovement.com\/wp-content\/uploads\/2024\/11\/eem-bullet-language2-150x150.png 150w\" sizes=\"auto, (max-width: 75px) 100vw, 75px\" \/><\/td>\n<td><strong>Ber\u00fccksichtigen Sie die Sprache<\/strong> &#8211; einheimisch oder englisch?<\/td>\n<\/tr>\n<\/tbody>\n<\/table>\n<\/div>\n\t\t\t\t\t\t\t<\/div>\n\t\t\t\t\t\t<\/div>\n\t\t\t\t\t<\/div>\n\t\t\t\t<\/div>\n\t\t\t<\/div>\n\t\t<\/div>\n\t<\/div>\n\n<\/div>\n<\/div>\n\n<figure class=\"wp-block-image size-full rounded-corners\"><img loading=\"lazy\" decoding=\"async\" width=\"2560\" height=\"923\" src=\"https:\/\/energyefficiencymovement.com\/wp-content\/uploads\/2024\/04\/eem-hero-guidelines-scaled.jpg\" alt=\"\" class=\"wp-image-11254\" srcset=\"https:\/\/energyefficiencymovement.com\/wp-content\/uploads\/2024\/04\/eem-hero-guidelines-scaled.jpg 2560w, https:\/\/energyefficiencymovement.com\/wp-content\/uploads\/2024\/04\/eem-hero-guidelines-300x108.jpg 300w, https:\/\/energyefficiencymovement.com\/wp-content\/uploads\/2024\/04\/eem-hero-guidelines-1024x369.jpg 1024w, https:\/\/energyefficiencymovement.com\/wp-content\/uploads\/2024\/04\/eem-hero-guidelines-768x277.jpg 768w, https:\/\/energyefficiencymovement.com\/wp-content\/uploads\/2024\/04\/eem-hero-guidelines-1536x554.jpg 1536w, https:\/\/energyefficiencymovement.com\/wp-content\/uploads\/2024\/04\/eem-hero-guidelines-2048x738.jpg 2048w\" sizes=\"auto, (max-width: 2560px) 100vw, 2560px\" \/><\/figure>\n\n\n\t<div class=\"contentblock \">\n\t\t<div class=\"row pt-4 pb-3 \" data-aos=\"fade-up\">\n\t\t\t<div class=\"col\">\n\t\t\t\t<div class=\"wrapper   mediumText \" style=\"background-color: #FFFFFF\">\n\t\t\t\t\t<div class=\"row d-flex flex-md-nowrap align-items-center align-items-md-start justify-content-center justify-content-md-start\">\n\t\t\t\t\t\t<div class=\"col-12 col-md-8 px-5 px-md-2 pt-4 pb-5 pb-lg-4 py-xl-5\">\n\t\t\t\t\t\t\t\t\t\t\t\t\t\t\t<h2 class=\"ml-xl-2 mr-xl-5\">Kartellrecht<\/h2>\n\t\t\t\t\t\t\t\t\t\t\t\t\t\t<div class=\"ml-xl-2 mr-xl-5\"><p>Um einen fairen Wettbewerb und die Einhaltung der kartellrechtlichen Vorschriften zu gew\u00e4hrleisten, m\u00fcssen alle Anbieter\/Teilnehmer darauf verzichten, kommerziell sensible Informationen zu besprechen oder auszutauschen. Dazu geh\u00f6ren unter anderem Preisstrategien, Produktionskosten, Wettbewerbsverhalten oder technische L\u00f6sungen f\u00fcr bestimmte Projekte. Von den Anbietern\/Teilnehmern wird erwartet, dass sie alle unangemessenen Diskussionen oder Gespr\u00e4che sofort beenden und \u00fcber die entsprechenden Kan\u00e4le melden. <\/p>\n<\/div>\n\t\t\t\t\t\t<\/div>\n\t\t\t\t\t\t<div class=\"col-12 col-md-2  order-first \">\n\t\t\t\t\t\t\t\t\t\t\t\t\t\t\t\t<img decoding=\"async\" src=\"https:\/\/energyefficiencymovement.com\/wp-content\/uploads\/2024\/11\/eem-icon-antitrust.png\" alt=\"\" class=\"pl-3 pl-md-4 pl-xl-5 pr-3 pr-md-4 pr-xl-4 py-3 py-md-4 py-xl-5\" \/>\n\t\t\t\t\t\t\t\t\t\t\t\t\t<\/div>\n\t\t\t\t\t<\/div>\n\t\t\t\t<\/div>\n\t\t\t<\/div>\n\t\t<\/div>\n\t<\/div>\n\n","protected":false},"excerpt":{"rendered":"<p> [&#8230;]<\/p>\n<p><a class=\"btn btn-secondary understrap-read-more-link\" href=\"https:\/\/energyefficiencymovement.com\/de\/veranstaltungs-toolkit\/\">Weiterlesen&#8230;<\/a><\/p>\n","protected":false},"author":1,"featured_media":19364,"parent":20278,"menu_order":0,"comment_status":"closed","ping_status":"closed","template":"page-plain.php","meta":{"_acf_changed":false,"_monsterinsights_skip_tracking":false,"_monsterinsights_sitenote_active":false,"_monsterinsights_sitenote_note":"","_monsterinsights_sitenote_category":0,"footnotes":""},"class_list":["post-20683","page","type-page","status-publish","has-post-thumbnail","hentry"],"acf":[],"_links":{"self":[{"href":"https:\/\/energyefficiencymovement.com\/de\/wp-json\/wp\/v2\/pages\/20683","targetHints":{"allow":["GET"]}}],"collection":[{"href":"https:\/\/energyefficiencymovement.com\/de\/wp-json\/wp\/v2\/pages"}],"about":[{"href":"https:\/\/energyefficiencymovement.com\/de\/wp-json\/wp\/v2\/types\/page"}],"author":[{"embeddable":true,"href":"https:\/\/energyefficiencymovement.com\/de\/wp-json\/wp\/v2\/users\/1"}],"replies":[{"embeddable":true,"href":"https:\/\/energyefficiencymovement.com\/de\/wp-json\/wp\/v2\/comments?post=20683"}],"version-history":[{"count":0,"href":"https:\/\/energyefficiencymovement.com\/de\/wp-json\/wp\/v2\/pages\/20683\/revisions"}],"up":[{"embeddable":true,"href":"https:\/\/energyefficiencymovement.com\/de\/wp-json\/wp\/v2\/pages\/20278"}],"wp:featuredmedia":[{"embeddable":true,"href":"https:\/\/energyefficiencymovement.com\/de\/wp-json\/wp\/v2\/media\/19364"}],"wp:attachment":[{"href":"https:\/\/energyefficiencymovement.com\/de\/wp-json\/wp\/v2\/media?parent=20683"}],"curies":[{"name":"wp","href":"https:\/\/api.w.org\/{rel}","templated":true}]}}