{"id":20381,"date":"2023-09-20T14:12:44","date_gmt":"2023-09-20T11:12:44","guid":{"rendered":"https:\/\/energyefficiencymovement.com\/insights-2\/libro-de-jugadas\/"},"modified":"2024-12-19T13:02:54","modified_gmt":"2024-12-19T11:02:54","slug":"libro-de-jugadas","status":"publish","type":"page","link":"https:\/\/energyefficiencymovement.com\/es\/libro-de-jugadas\/","title":{"rendered":"Libro de jugadas"},"content":{"rendered":"\n<p class=\"largeText\">Mejorar la eficiencia energ\u00e9tica en la industria tiene el potencial de disminuir significativamente el impacto medioambiental y los costes de las empresas. <strong>El Movimiento para la Eficiencia<\/strong> Energ\u00e9tica pide a los Movers que compartan las mejores pr\u00e1cticas con otros socios comprometidos para mejorar la eficiencia energ\u00e9tica y de costes en todos los sectores industriales.<\/p>\n\n<div style=\"height:25px\" aria-hidden=\"true\" class=\"wp-block-spacer\"><\/div>\n\n<h2 class=\"wp-block-heading\">10 pasos iniciales<\/h2>\n\n<div class=\"wp-block-columns is-layout-flex wp-container-core-columns-is-layout-9d6595d7 wp-block-columns-is-layout-flex\">\n<div class=\"wp-block-column is-layout-flow wp-block-column-is-layout-flow\" style=\"flex-basis:66.66%\">\n<p>Desde realizar una auditor\u00eda hasta adoptar plenamente la digitalizaci\u00f3n, hay muchos pasos que las empresas pueden dar ya para mejorar su eficiencia energ\u00e9tica. Redactado conjuntamente por representantes de ABB, Microsoft, Alfa Laval, DHL, ETH Z\u00farich y la AIE, el libro de jugadas de la eficiencia energ\u00e9tica industrial esboza diez medidas que pueden adoptarse hoy mismo para reducir los costes energ\u00e9ticos y las emisiones. <\/p>\n<\/div>\n\n\n\n<div class=\"wp-block-column is-layout-flow wp-block-column-is-layout-flow\" style=\"flex-basis:33.33%\">\n<p>Descargue el manual de eficiencia energ\u00e9tica industrial:<\/p>\n\n\n\n<p class=\"btn btnEEM btnBlack shadow-none\"><a href=\"https:\/\/search.abb.com\/library\/download.aspx?documentid=9akk108467a5406&amp;utm_source=abbcom&amp;utm_medium=website&amp;utm_campaign=eeplaybook\" target=\"_blank\" rel=\"noreferrer noopener\">Download \u00bb<\/a><\/p>\n<\/div>\n<\/div>\n","protected":false},"excerpt":{"rendered":"<p>Mejorar la eficiencia energ\u00e9tica en la industria tiene el potencial de disminuir significativamente el impacto medioambiental y los costes de las empresas. El Movimiento para la Eficiencia Energ\u00e9tica pide a los Movers que compartan las mejores pr\u00e1cticas con otros socios comprometidos para mejorar la eficiencia energ\u00e9tica y de costes en todos los sectores industriales. 10 [&#8230;]<\/p>\n<p><a class=\"btn btn-secondary understrap-read-more-link\" href=\"https:\/\/energyefficiencymovement.com\/es\/libro-de-jugadas\/\">Leer m\u00e1s&#8230;<\/a><\/p>\n","protected":false},"author":1,"featured_media":17630,"parent":20040,"menu_order":0,"comment_status":"closed","ping_status":"closed","template":"","meta":{"_acf_changed":false,"_monsterinsights_skip_tracking":false,"_monsterinsights_sitenote_active":false,"_monsterinsights_sitenote_note":"","_monsterinsights_sitenote_category":0,"footnotes":""},"class_list":["post-20381","page","type-page","status-publish","has-post-thumbnail","hentry"],"acf":[],"_links":{"self":[{"href":"https:\/\/energyefficiencymovement.com\/es\/wp-json\/wp\/v2\/pages\/20381","targetHints":{"allow":["GET"]}}],"collection":[{"href":"https:\/\/energyefficiencymovement.com\/es\/wp-json\/wp\/v2\/pages"}],"about":[{"href":"https:\/\/energyefficiencymovement.com\/es\/wp-json\/wp\/v2\/types\/page"}],"author":[{"embeddable":true,"href":"https:\/\/energyefficiencymovement.com\/es\/wp-json\/wp\/v2\/users\/1"}],"replies":[{"embeddable":true,"href":"https:\/\/energyefficiencymovement.com\/es\/wp-json\/wp\/v2\/comments?post=20381"}],"version-history":[{"count":0,"href":"https:\/\/energyefficiencymovement.com\/es\/wp-json\/wp\/v2\/pages\/20381\/revisions"}],"up":[{"embeddable":true,"href":"https:\/\/energyefficiencymovement.com\/es\/wp-json\/wp\/v2\/pages\/20040"}],"wp:featuredmedia":[{"embeddable":true,"href":"https:\/\/energyefficiencymovement.com\/es\/wp-json\/wp\/v2\/media\/17630"}],"wp:attachment":[{"href":"https:\/\/energyefficiencymovement.com\/es\/wp-json\/wp\/v2\/media?parent=20381"}],"curies":[{"name":"wp","href":"https:\/\/api.w.org\/{rel}","templated":true}]}}