{"id":20635,"date":"2024-11-21T09:06:16","date_gmt":"2024-11-21T07:06:16","guid":{"rendered":"https:\/\/energyefficiencymovement.com\/bienvenido-al-movimiento-por-la-eficiencia-energetica\/kit-de-herramientas-para-eventos\/"},"modified":"2025-01-07T11:19:05","modified_gmt":"2025-01-07T09:19:05","slug":"kit-de-herramientas-para-eventos","status":"publish","type":"page","link":"https:\/\/energyefficiencymovement.com\/es\/kit-de-herramientas-para-eventos\/","title":{"rendered":"Kit de herramientas para eventos"},"content":{"rendered":"\n<div class=\"hero\">\n\n        <div style=\"background-image: url('https:\/\/energyefficiencymovement.com\/wp-content\/uploads\/2024\/11\/AdobeStock_106840389-scaled.jpeg');\" class=\"heroBG mb-5 break-out\" data-aos=\"fade-in\" data-aos-delay=\"0\">\n\n            <div class=\"gradient \"><\/div>\n\n\t\t\t<div class=\"container heroContainer\" tabindex=\"-1\">\n\t\t\t\t<div class=\"d-flex flex-row justify-content-between align-items-center align-self-center h-100\">\n\t\t\t\t\t<div class=\"col-10 col-md-10 col-lg-8 col-xl-8 pt-5 pt-xl-0\">\n\t\t\t\t\t\t\t\t\t\t\t\t\t<h1 class=\"text-white font-weight-light\" data-aos=\"fade-up\" data-aos-delay=\"50\">\n\t\t\t\t\t\t\t\t<p>Movimiento por la Eficiencia Energ\u00e9tica<br \/>\n<strong>Kit de herramientas para eventos<\/strong><\/p>\n\t\t\t\t\t\t\t<\/h1>\n\t\t\t\t\t\t\t\t\t\t\t\t\t\t\t\t\t<\/div>\n\n\n\t\t\t\t\t\n\n\t\t\t\t\t\t\t\t\t\t\n\t\t\t\t<\/div>\n\t\t\t<\/div>\n\n\t\t\t<\/div><\/div>\n\n\t<div class=\"contentblock \">\n\t\t<div class=\"row pt-4 pb-3 \" data-aos=\"fade-up\">\n\t\t\t<div class=\"col\">\n\t\t\t\t<div class=\"wrapper   mediumText \" style=\"background-color: #CCF1E9\">\n\t\t\t\t\t<div class=\"row d-flex flex-md-nowrap align-items-center align-items-md-start justify-content-center justify-content-md-start\">\n\t\t\t\t\t\t<div class=\"col-12 col-md-8 px-5 px-md-2 pt-4 pb-5 pb-lg-4 py-xl-5\">\n\t\t\t\t\t\t\t\t\t\t\t\t\t\t<div class=\"ml-xl-2 mr-xl-5\"><p><strong>\u00a1Bienvenido a la herramienta de eventos!<\/strong> En esta p\u00e1gina encontrar\u00e1 todo lo necesario para organizar su propio evento sobre eficiencia energ\u00e9tica. En este kit de herramientas encontrar\u00e1 sugerencias e ideas que puede hacer que funcionen para usted. Util\u00edcelo como inspiraci\u00f3n y elija lo que crea que funciona para su ecosistema. \u00a1Est\u00e9 tambi\u00e9n atento a las oportunidades de presentar un tema r\u00e1pido en uno de los pr\u00f3ximos seminarios web de EEM!  <\/p>\n<\/div>\n\t\t\t\t\t\t<\/div>\n\t\t\t\t\t\t<div class=\"col-12 col-md-2  order-first \">\n\t\t\t\t\t\t\t\t\t\t\t\t\t\t\t\t<img decoding=\"async\" src=\"https:\/\/energyefficiencymovement.com\/wp-content\/uploads\/2024\/11\/eem-icon-event.png\" alt=\"\" class=\"pl-3 pl-md-4 pl-xl-5 pr-3 pr-md-4 pr-xl-4 py-3 py-md-4 py-xl-5\" \/>\n\t\t\t\t\t\t\t\t\t\t\t\t\t<\/div>\n\t\t\t\t\t<\/div>\n\t\t\t\t<\/div>\n\t\t\t<\/div>\n\t\t<\/div>\n\t<\/div>\n\n\n<div class=\"wp-block-columns is-layout-flex wp-container-core-columns-is-layout-9d6595d7 wp-block-columns-is-layout-flex\">\n<div class=\"wp-block-column is-layout-flow wp-block-column-is-layout-flow\">\n\n\t<div class=\"contentblock extraSpace \">\n\t\t<div class=\"row  \" data-aos=\"fade-up\">\n\t\t\t<div class=\"col\">\n\t\t\t\t<div class=\"wrapper   mediumText \" style=\"background-color: #FFFFFF\">\n\t\t\t\t\t<div class=\"row d-flex align-items-start\">\n\t\t\t\t\t\t<div class=\"col-12\">\n\t\t\t\t\t\t\t<div class=\"pl-4 pl-md-5 pr-4 pr-lg-2 pt-4 pb-5 pb-lg-4 \">\n\t\t\t\t\t\t\t\t\t\t\t\t\t\t\t\t\t<h2 class=\"mr-xl-5\">Contenido<\/h2>\n\t\t\t\t\t\t\t\t\t\t\t\t\t\t\t\t<div class=\"mr-xl-5\"><div class=\"extraSpace\">\n<p><a href=\"https:\/\/energyefficiencymovement.com\/movers-area\/event-toolkit\/physical-event-the-venue\/\">C\u00f3mo hacerlo: <strong>Evento f\u00edsico &#8220;<\/strong><\/a><br \/>\n<a href=\"https:\/\/energyefficiencymovement.com\/movers-area\/event-toolkit\/organizing-a-successful-webinar\/\">C\u00f3mo hacerlo <strong>Seminarios web &#8220;<\/strong><\/a><br \/>\n<a href=\"https:\/\/energyefficiencymovement.com\/movers-area\/event-toolkit\/organizing-a-virtual-conference\/\">C\u00f3mo hacerlo: <strong>Conferencias virtuales &#8220;<\/strong><\/a><br \/>\n<a href=\"https:\/\/energyefficiencymovement.com\/movers-area\/event-toolkit\/guest-target-groups\/\">C\u00f3mo hacer: <strong>Invitados &#8220;<\/strong><\/a><br \/>\n<a href=\"https:\/\/energyefficiencymovement.com\/movers-area\/event-toolkit\/setting-an-agenda-for-an-interactive-event\/\">C\u00f3mo: <strong>Agenda &#8220;<\/strong><\/a><br \/>\n<a href=\"https:\/\/energyefficiencymovement.com\/movers-area\/event-toolkit\/facilitation-for-interactive-events\/\">C\u00f3mo hacer: <strong>Facilitaci\u00f3n &#8220;<\/strong><\/a><br \/>\n<a href=\"https:\/\/energyefficiencymovement.com\/movers-area\/communication-toolkit\/logos-images\/\">C\u00f3mo hacerlo: <strong>Marca y activos EEM &#8220;<\/strong><\/a><br \/>\n<a href=\"https:\/\/energyefficiencymovement.com\/wp-content\/uploads\/2024\/10\/EEM-PPT-Template.pptx\">C\u00f3mo hacerlo: <strong>Plantilla de presentaci\u00f3n &#8220;<\/strong><\/a><br \/>\n<a href=\"https:\/\/energyefficiencymovement.com\/wp-content\/uploads\/2024\/11\/EEM_Roll-ups.zip\">C\u00f3mo hacer: <strong>Roll-ups &#8220;<\/strong><\/a><\/p>\n<\/div>\n<\/div>\n\t\t\t\t\t\t\t<\/div>\n\t\t\t\t\t\t<\/div>\n\t\t\t\t\t<\/div>\n\t\t\t\t<\/div>\n\t\t\t<\/div>\n\t\t<\/div>\n\t<\/div>\n\n<\/div>\n\n\n\n<div class=\"wp-block-column is-layout-flow wp-block-column-is-layout-flow\">\n\n\t<div class=\"contentblock \">\n\t\t<div class=\"row pt-4 pb-3 \" data-aos=\"fade-up\">\n\t\t\t<div class=\"col\">\n\t\t\t\t<div class=\"wrapper  \" style=\"background-color: #CCF1E9\">\n\t\t\t\t\t<div class=\"row d-flex align-items-start\">\n\t\t\t\t\t\t<div class=\"col-12\">\n\t\t\t\t\t\t\t<div class=\"pl-4 pl-md-5 pr-4 pr-lg-2 pt-4 pb-5 pb-lg-4 py-xl-5\">\n\t\t\t\t\t\t\t\t\t\t\t\t\t\t\t\t\t<h2 class=\"mr-xl-5\">Consejos para un evento de \u00e9xito<\/h2>\n\t\t\t\t\t\t\t\t\t\t\t\t\t\t\t\t<div class=\"mr-xl-5\"><table>\n<tbody>\n<tr>\n<td><img loading=\"lazy\" decoding=\"async\" class=\"alignnone size-full wp-image-13148 mt-3 mb-3 mr-4\" src=\"https:\/\/energyefficiencymovement.com\/wp-content\/uploads\/2024\/11\/eem-bullet-be-creative2.png\" alt=\"\" width=\"75\" height=\"75\" srcset=\"https:\/\/energyefficiencymovement.com\/wp-content\/uploads\/2024\/11\/eem-bullet-be-creative2.png 200w, https:\/\/energyefficiencymovement.com\/wp-content\/uploads\/2024\/11\/eem-bullet-be-creative2-150x150.png 150w\" sizes=\"auto, (max-width: 75px) 100vw, 75px\" \/><\/td>\n<td><strong>No haga que el acto sea demasiado complejo.<\/strong> Sea creativo: no tiene por qu\u00e9 ser grande ni el mejor programa. Lo importante es iniciar el di\u00e1logo y crear una red. <\/td>\n<\/tr>\n<tr>\n<td><img loading=\"lazy\" decoding=\"async\" class=\"alignnone size-full wp-image-13149 mt-3 mb-3 mr-4\" src=\"https:\/\/energyefficiencymovement.com\/wp-content\/uploads\/2024\/11\/eem-bullet-own-the-event2.png\" alt=\"\" width=\"75\" height=\"75\" srcset=\"https:\/\/energyefficiencymovement.com\/wp-content\/uploads\/2024\/11\/eem-bullet-own-the-event2.png 200w, https:\/\/energyefficiencymovement.com\/wp-content\/uploads\/2024\/11\/eem-bullet-own-the-event2-150x150.png 150w\" sizes=\"auto, (max-width: 75px) 100vw, 75px\" \/><\/td>\n<td><strong>Sea el due\u00f1o del evento<\/strong> &#8211; Limite el n\u00famero de organizadores para simplificar la planificaci\u00f3n.<\/td>\n<\/tr>\n<tr>\n<td><img loading=\"lazy\" decoding=\"async\" class=\"alignnone size-full wp-image-13150 mt-3 mb-3 mr-4\" src=\"https:\/\/energyefficiencymovement.com\/wp-content\/uploads\/2024\/11\/eem-bullet-language2.png\" alt=\"\" width=\"75\" height=\"75\" srcset=\"https:\/\/energyefficiencymovement.com\/wp-content\/uploads\/2024\/11\/eem-bullet-language2.png 200w, https:\/\/energyefficiencymovement.com\/wp-content\/uploads\/2024\/11\/eem-bullet-language2-150x150.png 150w\" sizes=\"auto, (max-width: 75px) 100vw, 75px\" \/><\/td>\n<td><strong>Considere el idioma<\/strong>: \u00bflocal o ingl\u00e9s?<\/td>\n<\/tr>\n<\/tbody>\n<\/table>\n<\/div>\n\t\t\t\t\t\t\t<\/div>\n\t\t\t\t\t\t<\/div>\n\t\t\t\t\t<\/div>\n\t\t\t\t<\/div>\n\t\t\t<\/div>\n\t\t<\/div>\n\t<\/div>\n\n<\/div>\n<\/div>\n\n<figure class=\"wp-block-image size-full rounded-corners\"><img loading=\"lazy\" decoding=\"async\" width=\"2560\" height=\"923\" src=\"https:\/\/energyefficiencymovement.com\/wp-content\/uploads\/2024\/04\/eem-hero-guidelines-scaled.jpg\" alt=\"\" class=\"wp-image-11254\" srcset=\"https:\/\/energyefficiencymovement.com\/wp-content\/uploads\/2024\/04\/eem-hero-guidelines-scaled.jpg 2560w, https:\/\/energyefficiencymovement.com\/wp-content\/uploads\/2024\/04\/eem-hero-guidelines-300x108.jpg 300w, https:\/\/energyefficiencymovement.com\/wp-content\/uploads\/2024\/04\/eem-hero-guidelines-1024x369.jpg 1024w, https:\/\/energyefficiencymovement.com\/wp-content\/uploads\/2024\/04\/eem-hero-guidelines-768x277.jpg 768w, https:\/\/energyefficiencymovement.com\/wp-content\/uploads\/2024\/04\/eem-hero-guidelines-1536x554.jpg 1536w, https:\/\/energyefficiencymovement.com\/wp-content\/uploads\/2024\/04\/eem-hero-guidelines-2048x738.jpg 2048w\" sizes=\"auto, (max-width: 2560px) 100vw, 2560px\" \/><\/figure>\n\n\n\t<div class=\"contentblock \">\n\t\t<div class=\"row pt-4 pb-3 \" data-aos=\"fade-up\">\n\t\t\t<div class=\"col\">\n\t\t\t\t<div class=\"wrapper   mediumText \" style=\"background-color: #FFFFFF\">\n\t\t\t\t\t<div class=\"row d-flex flex-md-nowrap align-items-center align-items-md-start justify-content-center justify-content-md-start\">\n\t\t\t\t\t\t<div class=\"col-12 col-md-8 px-5 px-md-2 pt-4 pb-5 pb-lg-4 py-xl-5\">\n\t\t\t\t\t\t\t\t\t\t\t\t\t\t\t<h2 class=\"ml-xl-2 mr-xl-5\">Antimonopolio<\/h2>\n\t\t\t\t\t\t\t\t\t\t\t\t\t\t<div class=\"ml-xl-2 mr-xl-5\"><p>\u00a7Para garantizar una competencia leal y el cumplimiento de las normas antimonopolio, todos los Movers\/Participantes deben abstenerse de discutir o intercambiar informaci\u00f3n comercial sensible. Esto incluye, pero no se limita a, estrategias de precios, costes de producci\u00f3n, comportamiento competitivo o soluciones t\u00e9cnicas para proyectos espec\u00edficos. Se espera que los Movers\/Participantes pongan fin inmediatamente a cualquier discusi\u00f3n o conversaci\u00f3n inapropiada, e informen a trav\u00e9s de los canales apropiados. <\/p>\n<\/div>\n\t\t\t\t\t\t<\/div>\n\t\t\t\t\t\t<div class=\"col-12 col-md-2  order-first \">\n\t\t\t\t\t\t\t\t\t\t\t\t\t\t\t\t<img decoding=\"async\" src=\"https:\/\/energyefficiencymovement.com\/wp-content\/uploads\/2024\/11\/eem-icon-antitrust.png\" alt=\"\" class=\"pl-3 pl-md-4 pl-xl-5 pr-3 pr-md-4 pr-xl-4 py-3 py-md-4 py-xl-5\" \/>\n\t\t\t\t\t\t\t\t\t\t\t\t\t<\/div>\n\t\t\t\t\t<\/div>\n\t\t\t\t<\/div>\n\t\t\t<\/div>\n\t\t<\/div>\n\t<\/div>\n\n","protected":false},"excerpt":{"rendered":"<p> [&#8230;]<\/p>\n<p><a class=\"btn btn-secondary understrap-read-more-link\" href=\"https:\/\/energyefficiencymovement.com\/es\/kit-de-herramientas-para-eventos\/\">Leer m\u00e1s&#8230;<\/a><\/p>\n","protected":false},"author":1,"featured_media":19366,"parent":20272,"menu_order":0,"comment_status":"closed","ping_status":"closed","template":"page-plain.php","meta":{"_acf_changed":false,"_monsterinsights_skip_tracking":false,"_monsterinsights_sitenote_active":false,"_monsterinsights_sitenote_note":"","_monsterinsights_sitenote_category":0,"footnotes":""},"class_list":["post-20635","page","type-page","status-publish","has-post-thumbnail","hentry"],"acf":[],"_links":{"self":[{"href":"https:\/\/energyefficiencymovement.com\/es\/wp-json\/wp\/v2\/pages\/20635","targetHints":{"allow":["GET"]}}],"collection":[{"href":"https:\/\/energyefficiencymovement.com\/es\/wp-json\/wp\/v2\/pages"}],"about":[{"href":"https:\/\/energyefficiencymovement.com\/es\/wp-json\/wp\/v2\/types\/page"}],"author":[{"embeddable":true,"href":"https:\/\/energyefficiencymovement.com\/es\/wp-json\/wp\/v2\/users\/1"}],"replies":[{"embeddable":true,"href":"https:\/\/energyefficiencymovement.com\/es\/wp-json\/wp\/v2\/comments?post=20635"}],"version-history":[{"count":0,"href":"https:\/\/energyefficiencymovement.com\/es\/wp-json\/wp\/v2\/pages\/20635\/revisions"}],"up":[{"embeddable":true,"href":"https:\/\/energyefficiencymovement.com\/es\/wp-json\/wp\/v2\/pages\/20272"}],"wp:featuredmedia":[{"embeddable":true,"href":"https:\/\/energyefficiencymovement.com\/es\/wp-json\/wp\/v2\/media\/19366"}],"wp:attachment":[{"href":"https:\/\/energyefficiencymovement.com\/es\/wp-json\/wp\/v2\/media?parent=20635"}],"curies":[{"name":"wp","href":"https:\/\/api.w.org\/{rel}","templated":true}]}}