{"id":19801,"date":"2022-02-21T09:04:30","date_gmt":"2022-02-21T07:04:30","guid":{"rendered":"https:\/\/energyefficiencymovement.com\/accueil\/"},"modified":"2025-09-11T10:00:51","modified_gmt":"2025-09-11T07:00:51","slug":"","status":"publish","type":"page","link":"https:\/\/energyefficiencymovement.com\/fr\/","title":{"rendered":"Accueil"},"content":{"rendered":"\n<div class=\"herowithhighlight\">\n\n\t<div style=\"background-image: url('https:\/\/energyefficiencymovement.com\/wp-content\/uploads\/2025\/10\/vitaly-gariev-3-gj1U72tiQ-unsplash-scaled.jpg');\" class=\"heroBG break-out\" data-aos=\"fade-in\" data-aos-delay=\"0\">\n\n\t\t<div class=\"gradient \"><\/div>\n\n\t\t<div class=\"container heroContainer\" tabindex=\"-1\">\n\t\t\t<div class=\"d-flex flex-row justify-content-between align-items-center align-self-center h-100\">\n\t\t\t\t<div class=\"col-10 col-md-10 col-lg-8 col-xl-8 pt-5 pt-xl-0\">\n\t\t\t\t\t<h1 class=\"text-white font-weight-light\" data-aos=\"fade-up\" data-aos-delay=\"50\">\n\t\t\t\t\t\t<p>Le<br \/>\n<strong>Mouvement pour<\/strong><br \/>\n<strong>l&#8217;Efficacit\u00e9<\/strong><br \/>\n<strong>\u00c9nerg\u00e9tique<\/strong><\/p>\n\t\t\t\t\t<\/h1>\n\t\t\t\t\t<h2 class=\"text-white font-weight-light\" data-aos=\"fade-up\" data-aos-delay=\"100\">\n\t\t\t\t\t\tLe r\u00e9seau mondial pour l&#8217;efficacit\u00e9 \u00e9nerg\u00e9tique\t\t\t\t\t<\/h2>\n\t\t\t\t<\/div>\n\t\t\t<\/div>\n\t\t<\/div>\n\n\t<\/div>\n\n<\/div>\n\n\n<!--- New code that should fix crashing. Keeping the old one to see if anything breaks. --->\n\n\n\t<div class=\"highlightWrapper px-2 mb-3 width_wide\">\n\t\t<div class=\"container p-0\">\n\n\t\t\t\n\t\t\t\t\n\t\t\t\t<div class=\"highlightContainer\">\n\t\t\t\t\t<div class=\"d-flex flex-column flex-md-row align-items-stretch\">\n\n\t\t\t\t\t\t<div class=\"col-12 col-md-2 py-4 px-4 px-md-3 px-lg-4 align-self-stretch align-content-around text-left text-md-center imageColumn imageBG_lightgreen\">\n\t\t\t\t\t\t\t\t\t\t\t\t\t\t\t<img\n\t\t\t\t\t\t\t\t\tsrc=\"https:\/\/energyefficiencymovement.com\/wp-content\/uploads\/2023\/08\/icon-globe.png\"\n\t\t\t\t\t\t\t\t\tclass=\"highlightImage\"\n\t\t\t\t\t\t\t\t\talt=\"\"\n\t\t\t\t\t\t\t\t>\n\t\t\t\t\t\t\t\t\t\t\t\t\t<\/div>\n\n\t\t\t\t\t\t<div class=\"flex-grow-1 pl-4 pl-md-3 pl-lg-4 pl-xl-5 pr-4 pr-md-3 pr-lg-4 pr-xl-5 py-4 align-self-stretch contentColumn contentBG_lightgreen\">\n\n\t\t\t\t\t\t\t\t\t\t\t\t\t\t\t<a href=\"https:\/\/energyefficiencymovement.com\/iea-conference-2025\/\" target=\"_self\">\n\t\t\t\t\t\t\t\n\t\t\t\t\t\t\t\t\t\t\t\t\t\t\t\t\t<h2 class=\"pl-2\">Conf\u00e9rence de l&#039;AIE 2025<\/h2>\n\t\t\t\t\t\t\t\t\n\t\t\t\t\t\t\t\t\t\t\t\t\t\t\t\t\t<div class=\"mediumText pl-2\"><p>en partenariat avec le Mouvement pour l&#8217;efficacit\u00e9 \u00e9nerg\u00e9tique<\/p>\n<\/div>\n\t\t\t\t\t\t\t\t\n\t\t\t\t\t\t\t\t\t\t\t\t\t\t\t<\/a>\n\t\t\t\t\t\t\t\n\t\t\t\t\t\t<\/div>\n\n\t\t\t\t\t\t<div class=\"col-12 col-md-5 col-lg-4 py-4 pl-4 pr-5 align-content-around text-right linkColumn contentBG_lightgreen\">\n\t\t\t\t\t\t\t\t\t\t\t\t\t\t\t<a href=\"https:\/\/energyefficiencymovement.com\/iea-conference-2025\/\" class=\"btn btnEEM btnBlack shadow-none\" target=\"_self\">\n\t\t\t\t\t\t\t\t\tDiscover \u00bb\t\t\t\t\t\t\t\t<\/a>\n\t\t\t\t\t\t\t\t\t\t\t\t\t<\/div>\n\n\t\t\t\t\t<\/div>\n\t\t\t\t<\/div>\n\n\t\t\t\n\t\t<\/div>\n\t<\/div>\n\n\n\n<!--- Old code that crashes if all elements are removed --->\n\n<div style=\"height:50px\" aria-hidden=\"true\" class=\"wp-block-spacer\"><\/div>\n\n<div class=\"mosaicblocks mb-4\">\n\n\t\t\n\n\n\n\n\n<div class=\"d-flex flex-row flex-wrap align-items-start\" data-aos=\"fade-up\">\n\n\t<div class=\"col-12 col-md-4 col-xl-2 mosaicBlock px-2 order-2\">\n\t\t\t\t<div class=\"d-flex flex-row flex-md-column align-items-stretch justify-content-between imageWrapper\">\n\t\t\t<div class=\"square mb-3\" style=\"background-image:url(https:\/\/energyefficiencymovement.com\/wp-content\/uploads\/2025\/02\/AdobeStock_292521207.jpg); background-size: cover; background-repeat: no-repeat; background-position: center center;\"><\/div>\n\t\t\t<div class=\"square mb-3\" style=\"background-image:url(https:\/\/energyefficiencymovement.com\/wp-content\/uploads\/2024\/10\/AdobeStock_452879468.jpeg); background-size: cover; background-repeat: no-repeat; background-position: center center;\"><\/div>\n\t\t<\/div>\n\t<\/div>\n\n\t<div class=\"col-12 col-md-8 col-xl-4 mosaicBlock px-2 mb-3 order-1\">\n\t\t<div class=\"d-flex flex-column align-items-stretch p-4 pr-5 square grey\">\n\t\t\t\t\t\t\t<div><h2>Des solutions existent d\u00e9j\u00e0<\/h2><\/div>\n\t\t\t\t\t\t\t\t\t\t<div class=\"flex-fill\"><p>Elles sont abordables, \u00e9volutives et pr\u00eates \u00e0 \u00eatre soutenue par des investissements. Le moment est venu d&#8217;agir.<\/p>\n<\/div>\n\t\t\t\t\t\t<div class=\"text-right\"><img decoding=\"async\" src=\"https:\/\/energyefficiencymovement.com\/wp-content\/uploads\/2025\/05\/benefit-icons-core-white-crop.png\" class=\"mosaicLargeBlockImage\" alt=\"\" \/><\/div>\n\t\t<\/div>\n\t<\/div>\n\n\t<div class=\"col-12 col-md-8 col-xl-4 mosaicBlock px-2 mb-3 order-3\">\n\t\t<div class=\"d-flex flex-column align-items-stretch p-4 pr-5 square black\">\n\t\t\t\t\t\t\t\t\t\t<div class=\"flex-fill\"><p>Nous favorisons l&#8217;adoption \u00e0 grande \u00e9chelle de l&#8217;efficacit\u00e9 \u00e9nerg\u00e9tique dans l&#8217;industrie, afin d&#8217;acc\u00e9l\u00e9rer l&#8217;\u00e9volution du monde vers une consommation nette z\u00e9ro.<\/p>\n<p>Nous sommes <strong>le<\/strong> <strong>r\u00e9seau mondial de l&#8217;<\/strong> <strong>efficacit\u00e9 \u00e9nerg\u00e9tique<\/strong> qui favorise la<strong> sensibilisation, l&#8217;adoption et le d\u00e9veloppement de solutions en mati\u00e8re d&#8217;efficacit\u00e9 \u00e9nerg\u00e9tique <\/strong>dans tous les secteurs industriels.<\/p>\n<p>&nbsp;<\/p>\n<\/div>\n\t\t\t\t\t\t<div class=\"text-right\"><img decoding=\"async\" src=\"\" class=\"mosaicLargeBlockImage\" alt=\"\" \/><\/div>\n\t\t<\/div>\n\t<\/div>\t\n\n\t<div class=\"col-12 col-md-4 col-xl-2 mosaicBlock px-2 order-4\">\n\t\t<div class=\"d-flex flex-row flex-md-column align-items-stretch justify-content-between imageWrapper\">\n\t\t\t<div class=\"square factNumbers mb-3 p-4 dark_green\" style=\"\"><div class=\"pushToBottom\">1\/3<\/div><\/div>\n\t\t\t<div class=\"square factText mb-3 p-4 dark_green\" style=\"\"><p>des r\u00e9ductions de CO2 dont nous avons besoin peuvent \u00eatre r\u00e9alis\u00e9es gr\u00e2ce \u00e0 l&#8217;efficacit\u00e9 \u00e9nerg\u00e9tique.<\/p>\n<span class=\"factNotes\">R\u00e9f\u00e9rence : AIE, 2024<\/span><\/div>\n\t\t<\/div>\n\t<\/div>\n\n<\/div> \n\n\n\n\n\n\n\n\n\n<div class=\"d-flex flex-row flex-wrap align-items-start\" data-aos=\"fade-up\">\n\n\t<div class=\"col-12 col-md-4 col-xl-2 mosaicBlock px-2 order-1\">\n\t\t\t\t<div class=\"d-flex flex-row flex-md-column align-items-stretch justify-content-between imageWrapper\">\n\t\t\t<div class=\"square mb-3\" style=\"background-image:url(https:\/\/energyefficiencymovement.com\/wp-content\/uploads\/2024\/10\/AdobeStock_515975830-stamp.jpg); background-size: cover; background-repeat: no-repeat; background-position: center center;\"><\/div>\n\t\t\t<div class=\"square mb-3\" style=\"background-image:url(https:\/\/energyefficiencymovement.com\/wp-content\/uploads\/2025\/02\/AdobeStock_619233810.jpg); background-size: cover; background-repeat: no-repeat; background-position: center center;\"><\/div>\n\t\t<\/div>\n\t<\/div>\n\n\t<div class=\"col-12 col-md-8 col-xl-4 mosaicBlock px-2 mb-3 order-2\">\n\t\t<div class=\"d-flex flex-column align-items-stretch p-4 pr-5 square black\">\n\t\t\t\t\t\t\t\t\t\t<div class=\"flex-fill\"><p>Nous nous engageons \u00e0 <strong>faire progresser les solutions en mati\u00e8re d&#8217;efficacit\u00e9 \u00e9nerg\u00e9tique<\/strong>, \u00e0 partager les <strong>bonnes pratiques<\/strong>, \u00e0 fournir des <strong>plateformes de collaboration<\/strong> et \u00e0 travailler avec des <strong>partenariats strat\u00e9giques<\/strong> pour d\u00e9montrer les avantages des initiatives en mati\u00e8re d&#8217;efficacit\u00e9 \u00e9nerg\u00e9tique.<\/p>\n<p>Nos efforts permettent \u00e0 l&#8217;industrie de <strong>renforcer sa comp\u00e9titivit\u00e9<\/strong>, de garantir un acc\u00e8s \u00e0 l&#8217;<strong>\u00e9nergie abordable<\/strong> pour tous et de pr\u00e9server la <strong>s\u00e9curit\u00e9 \u00e9nerg\u00e9tique des<\/strong> pays.<\/p>\n<\/div>\n\t\t\t\t\t\t<div class=\"text-right\"><img decoding=\"async\" src=\"\" class=\"mosaicLargeBlockImage\" alt=\"\" \/><\/div>\n\t\t<\/div>\n\t<\/div>\n\n\t<div class=\"col-12 col-md-8 col-xl-4 mosaicBlock px-2 mb-3 order-4\">\n\t\t<div class=\"d-flex flex-column align-items-stretch p-4 pr-5 square light_green\">\n\t\t\t\t\t\t\t\t\t\t<div class=\"flex-fill\"><p>En rejoignant le Mouvement pour l&#8217;efficacit\u00e9 \u00e9nerg\u00e9tique, les <strong>Movers<\/strong> disposent d&#8217;une plateforme pour <strong>communiquer<\/strong> leurs besoins en mati\u00e8re d&#8217;efficacit\u00e9 \u00e9nerg\u00e9tique, <strong>favorisant<\/strong> ainsi un environnement de collaboration qui entra\u00eene des changements significatifs et une <strong>rentabilit\u00e9<\/strong> \u00e0 long terme.<\/p>\n<p><a class=\"btn btnEEM btnGreen shadow-none\" href=\"https:\/\/energyefficiencymovement.com\/fr\/pourquoi-devenir-un-acteur\/mouvement-pour-lefficacite-energetique-formulaire-dadhesion-au-mouvement\/\">Rejoignez-nous !<\/a><\/p>\n<\/div>\n\t\t\t\t\t\t<div class=\"text-right\"><img decoding=\"async\" src=\"https:\/\/energyefficiencymovement.com\/wp-content\/uploads\/2025\/02\/eem-icon-group-1.png\" class=\"mosaicLargeBlockImage\" alt=\"\" \/><\/div>\n\t\t<\/div>\n\t<\/div>\t\n\n\t<div class=\"col-12 col-md-4 col-xl-2 mosaicBlock px-2 order-3\">\n\t\t<div class=\"d-flex flex-row flex-md-column align-items-stretch justify-content-between imageWrapper\">\n\t\t\t<div class=\"square factNumbers mb-3 p-4 dark_green\" style=\"\"><div class=\"pushToBottom\">15%<\/div><\/div>\n\t\t\t<div class=\"square factText mb-3 p-4 dark_green\" style=\"\"><p>des co\u00fbts de l&#8217;industrie peuvent \u00eatre r\u00e9duits gr\u00e2ce \u00e0 l&#8217;efficacit\u00e9 \u00e9nerg\u00e9tique en l&#8217;espace de deux ans.<\/p>\n<span class=\"factNotes\">R\u00e9f\u00e9rence : AIE, 2024<\/span><\/div>\n\t\t<\/div>\n\t<\/div>\n\n<\/div> \n\n\n\n\n\n<\/div>\n\n<div style=\"height:39px\" aria-hidden=\"true\" class=\"wp-block-spacer\"><\/div>\n\n<h2 class=\"wp-block-heading\">Pourquoi devenir Mover<\/h2>\n\n<div style=\"height:20px\" aria-hidden=\"true\" class=\"wp-block-spacer\"><\/div>\n\n<div class=\"wp-block-columns is-layout-flex wp-container-core-columns-is-layout-9d6595d7 wp-block-columns-is-layout-flex\">\n<div class=\"wp-block-column is-layout-flow wp-block-column-is-layout-flow\">\n<div class=\"wp-block-media-text is-stacked-on-mobile is-vertically-aligned-top\" style=\"grid-template-columns:25% auto\"><figure class=\"wp-block-media-text__media\"><img loading=\"lazy\" decoding=\"async\" width=\"180\" height=\"188\" src=\"https:\/\/energyefficiencymovement.com\/wp-content\/uploads\/2024\/11\/icon-lamp.png\" alt=\"\" class=\"wp-image-12806 size-full\"\/><\/figure><div class=\"wp-block-media-text__content\">\n<p class=\"mediumText\">APPRENDRE<\/p>\n\n\n\n<p class=\"mediumText\">Obtenez des connaissances pratiques sur l&#8217;efficacit\u00e9 \u00e9nerg\u00e9tique et sa mise en \u0153uvre. Acc\u00e9dez \u00e0 des ressources et des solutions rapides pour mettre en \u0153uvre des solutions d&#8217;efficacit\u00e9 \u00e9nerg\u00e9tique avec un minimum de temps d&#8217;arr\u00eat. <\/p>\n<\/div><\/div>\n<\/div>\n\n\n\n<div class=\"wp-block-column is-layout-flow wp-block-column-is-layout-flow\">\n<div class=\"wp-block-media-text is-stacked-on-mobile is-vertically-aligned-top\" style=\"grid-template-columns:25% auto\"><figure class=\"wp-block-media-text__media\"><img loading=\"lazy\" decoding=\"async\" width=\"396\" height=\"281\" src=\"https:\/\/energyefficiencymovement.com\/wp-content\/uploads\/2023\/09\/icon-hands.png\" alt=\"Se serrer la main\" class=\"wp-image-10112 size-full\" srcset=\"https:\/\/energyefficiencymovement.com\/wp-content\/uploads\/2023\/09\/icon-hands.png 396w, https:\/\/energyefficiencymovement.com\/wp-content\/uploads\/2023\/09\/icon-hands-300x213.png 300w\" sizes=\"auto, (max-width: 396px) 100vw, 396px\" \/><\/figure><div class=\"wp-block-media-text__content\">\n<p class=\"mediumText\">COLLABORER<\/p>\n\n\n\n<p class=\"mediumText\">Rejoignez un r\u00e9seau unique et mondial d&#8217;organisations favorisant l&#8217;efficacit\u00e9 \u00e9nerg\u00e9tique. Partagez les bonnes pratiques et engagez-vous dans des partenariats pour acc\u00e9l\u00e9rer le changement ensemble.  <\/p>\n<\/div><\/div>\n<\/div>\n\n\n\n<div class=\"wp-block-column is-layout-flow wp-block-column-is-layout-flow\">\n<div class=\"wp-block-media-text is-stacked-on-mobile is-vertically-aligned-top\" style=\"grid-template-columns:25% auto\"><figure class=\"wp-block-media-text__media\"><img loading=\"lazy\" decoding=\"async\" width=\"323\" height=\"356\" src=\"https:\/\/energyefficiencymovement.com\/wp-content\/uploads\/2023\/08\/icon-medal.png\" alt=\"\" class=\"wp-image-9870 size-full\" srcset=\"https:\/\/energyefficiencymovement.com\/wp-content\/uploads\/2023\/08\/icon-medal.png 323w, https:\/\/energyefficiencymovement.com\/wp-content\/uploads\/2023\/08\/icon-medal-272x300.png 272w\" sizes=\"auto, (max-width: 323px) 100vw, 323px\" \/><\/figure><div class=\"wp-block-media-text__content\">\n<p class=\"mediumText\">D\u00c9VELOPPER DES COMP\u00c9TENCES<\/p>\n\n\n\n<p class=\"mediumText\">Acc\u00e9dez \u00e0 des cours et programmes de formation en efficacit\u00e9 \u00e9nerg\u00e9tique adapt\u00e9s \u00e0 vos besoins afin de mettre en \u0153uvre l&#8217;efficacit\u00e9 \u00e9nerg\u00e9tique au sein de votre organisation. <\/p>\n<\/div><\/div>\n<\/div>\n<\/div>\n\n<p><\/p>\n","protected":false},"excerpt":{"rendered":"<p>Pourquoi devenir Mover APPRENDRE Obtenez des connaissances pratiques sur l&#8217;efficacit\u00e9 \u00e9nerg\u00e9tique et sa mise en \u0153uvre. Acc\u00e9dez \u00e0 des ressources et des solutions rapides pour mettre en \u0153uvre des solutions d&#8217;efficacit\u00e9 \u00e9nerg\u00e9tique avec un minimum de temps d&#8217;arr\u00eat. COLLABORER Rejoignez un r\u00e9seau unique et mondial d&#8217;organisations favorisant l&#8217;efficacit\u00e9 \u00e9nerg\u00e9tique. Partagez les bonnes pratiques et engagez-vous [&#8230;]<\/p>\n<p><a class=\"btn btn-secondary understrap-read-more-link\" href=\"https:\/\/energyefficiencymovement.com\/fr\/\">Lire la suite&#8230;<\/a><\/p>\n","protected":false},"author":1,"featured_media":24187,"parent":0,"menu_order":0,"comment_status":"closed","ping_status":"open","template":"page-frontpage.php","meta":{"_acf_changed":false,"_monsterinsights_skip_tracking":false,"_monsterinsights_sitenote_active":false,"_monsterinsights_sitenote_note":"","_monsterinsights_sitenote_category":0,"footnotes":""},"class_list":["post-19801","page","type-page","status-publish","has-post-thumbnail","hentry"],"acf":[],"_links":{"self":[{"href":"https:\/\/energyefficiencymovement.com\/fr\/wp-json\/wp\/v2\/pages\/19801","targetHints":{"allow":["GET"]}}],"collection":[{"href":"https:\/\/energyefficiencymovement.com\/fr\/wp-json\/wp\/v2\/pages"}],"about":[{"href":"https:\/\/energyefficiencymovement.com\/fr\/wp-json\/wp\/v2\/types\/page"}],"author":[{"embeddable":true,"href":"https:\/\/energyefficiencymovement.com\/fr\/wp-json\/wp\/v2\/users\/1"}],"replies":[{"embeddable":true,"href":"https:\/\/energyefficiencymovement.com\/fr\/wp-json\/wp\/v2\/comments?post=19801"}],"version-history":[{"count":0,"href":"https:\/\/energyefficiencymovement.com\/fr\/wp-json\/wp\/v2\/pages\/19801\/revisions"}],"wp:featuredmedia":[{"embeddable":true,"href":"https:\/\/energyefficiencymovement.com\/fr\/wp-json\/wp\/v2\/media\/24187"}],"wp:attachment":[{"href":"https:\/\/energyefficiencymovement.com\/fr\/wp-json\/wp\/v2\/media?parent=19801"}],"curies":[{"name":"wp","href":"https:\/\/api.w.org\/{rel}","templated":true}]}}