{"id":20453,"date":"2024-04-10T09:56:08","date_gmt":"2024-04-10T06:56:08","guid":{"rendered":"https:\/\/energyefficiencymovement.com\/carrefour-de-connaissances\/"},"modified":"2025-08-11T12:34:43","modified_gmt":"2025-08-11T09:34:43","slug":"carrefour-de-connaissances","status":"publish","type":"page","link":"https:\/\/energyefficiencymovement.com\/fr\/centre-dinformation-et-de-connaissances\/carrefour-de-connaissances\/","title":{"rendered":"Centre de connaissances"},"content":{"rendered":"\n<p class=\"lead\">Nous imaginons un monde o\u00f9 les entreprises, les investisseurs, les universit\u00e9s, les organisations non gouvernementales, les d\u00e9cideurs publics et les particuliers sont r\u00e9compens\u00e9s et dot\u00e9s des connaissances, des comp\u00e9tences et des ressources n\u00e9cessaires pour mettre en \u0153uvre le principe de l&#8217;efficacit\u00e9 \u00e9nerg\u00e9tique.<\/p>\n\n<p>Bienvenue dans un centre de partage des connaissances en constante expansion pour notre communaut\u00e9 de d\u00e9m\u00e9nageurs et au-del\u00e0. Cet espace est d\u00e9di\u00e9 \u00e0 la sensibilisation, \u00e0 la collaboration et \u00e0 l&#8217;apprentissage continu. <\/p>\n\n<p>Au fur et \u00e0 mesure que le mouvement prend de l&#8217;ampleur, cette section \u00e9volue gr\u00e2ce \u00e0 une collaboration croissante.<\/p>\n\n<p>Rejoignez-nous pour construire un avenir durable gr\u00e2ce au partage des connaissances et \u00e0 l&#8217;action collective.<\/p>\n","protected":false},"excerpt":{"rendered":"<p>Nous imaginons un monde o\u00f9 les entreprises, les investisseurs, les universit\u00e9s, les organisations non gouvernementales, les d\u00e9cideurs publics et les particuliers sont r\u00e9compens\u00e9s et dot\u00e9s des connaissances, des comp\u00e9tences et des ressources n\u00e9cessaires pour mettre en \u0153uvre le principe de l&#8217;efficacit\u00e9 \u00e9nerg\u00e9tique. Bienvenue dans un centre de partage des connaissances en constante expansion pour notre [&#8230;]<\/p>\n<p><a class=\"btn btn-secondary understrap-read-more-link\" href=\"https:\/\/energyefficiencymovement.com\/fr\/centre-dinformation-et-de-connaissances\/carrefour-de-connaissances\/\">Lire la suite&#8230;<\/a><\/p>\n","protected":false},"author":1,"featured_media":17077,"parent":23553,"menu_order":0,"comment_status":"closed","ping_status":"closed","template":"page-knowledgehub.php","meta":{"_acf_changed":false,"_monsterinsights_skip_tracking":false,"_monsterinsights_sitenote_active":false,"_monsterinsights_sitenote_note":"","_monsterinsights_sitenote_category":0,"footnotes":""},"class_list":["post-20453","page","type-page","status-publish","has-post-thumbnail","hentry"],"acf":[],"_links":{"self":[{"href":"https:\/\/energyefficiencymovement.com\/fr\/wp-json\/wp\/v2\/pages\/20453","targetHints":{"allow":["GET"]}}],"collection":[{"href":"https:\/\/energyefficiencymovement.com\/fr\/wp-json\/wp\/v2\/pages"}],"about":[{"href":"https:\/\/energyefficiencymovement.com\/fr\/wp-json\/wp\/v2\/types\/page"}],"author":[{"embeddable":true,"href":"https:\/\/energyefficiencymovement.com\/fr\/wp-json\/wp\/v2\/users\/1"}],"replies":[{"embeddable":true,"href":"https:\/\/energyefficiencymovement.com\/fr\/wp-json\/wp\/v2\/comments?post=20453"}],"version-history":[{"count":0,"href":"https:\/\/energyefficiencymovement.com\/fr\/wp-json\/wp\/v2\/pages\/20453\/revisions"}],"up":[{"embeddable":true,"href":"https:\/\/energyefficiencymovement.com\/fr\/wp-json\/wp\/v2\/pages\/23553"}],"wp:featuredmedia":[{"embeddable":true,"href":"https:\/\/energyefficiencymovement.com\/fr\/wp-json\/wp\/v2\/media\/17077"}],"wp:attachment":[{"href":"https:\/\/energyefficiencymovement.com\/fr\/wp-json\/wp\/v2\/media?parent=20453"}],"curies":[{"name":"wp","href":"https:\/\/api.w.org\/{rel}","templated":true}]}}