{"id":20707,"date":"2024-11-21T09:06:16","date_gmt":"2024-11-21T07:06:16","guid":{"rendered":"https:\/\/energyefficiencymovement.com\/bienvenue-dans-le-mouvement-pour-lefficacite-energetique\/boite-a-outils-pour-les-evenements\/"},"modified":"2025-08-11T16:43:35","modified_gmt":"2025-08-11T13:43:35","slug":"boite-a-outils-pour-les-evenements","status":"publish","type":"page","link":"https:\/\/energyefficiencymovement.com\/fr\/boite-a-outils-pour-les-evenements\/","title":{"rendered":"Bo\u00eete \u00e0 outils pour les \u00e9v\u00e9nements"},"content":{"rendered":"\n<div class=\"hero\">\n\n        <div style=\"background-image: url('https:\/\/energyefficiencymovement.com\/wp-content\/uploads\/2024\/11\/AdobeStock_106840389-scaled.jpeg');\" class=\"heroBG mb-5 break-out\" data-aos=\"fade-in\" data-aos-delay=\"0\">\n\n            <div class=\"gradient \"><\/div>\n\n\t\t\t<div class=\"container heroContainer\" tabindex=\"-1\">\n\t\t\t\t<div class=\"d-flex flex-row justify-content-between align-items-center align-self-center h-100\">\n\t\t\t\t\t<div class=\"col-10 col-md-10 col-lg-8 col-xl-8 pt-5 pt-xl-0\">\n\t\t\t\t\t\t\t\t\t\t\t\t\t<h1 class=\"text-white font-weight-light\" data-aos=\"fade-up\" data-aos-delay=\"50\">\n\t\t\t\t\t\t\t\t<p>Mouvement pour l&#8217;efficacit\u00e9 \u00e9nerg\u00e9tique<br \/>\n<strong>Bo\u00eete \u00e0 outils pour les \u00e9v\u00e9nements<\/strong><\/p>\n\t\t\t\t\t\t\t<\/h1>\n\t\t\t\t\t\t\t\t\t\t\t\t\t\t\t\t\t<\/div>\n\n\n\t\t\t\t\t\n\n\t\t\t\t\t\t\t\t\t\t\n\t\t\t\t<\/div>\n\t\t\t<\/div>\n\n\t\t\t<\/div><\/div>\n\n\t<div class=\"contentblock \">\n\t\t<div class=\"row pt-4 pb-3 \" data-aos=\"fade-up\">\n\t\t\t<div class=\"col\">\n\t\t\t\t<div class=\"wrapper   mediumText \" style=\"background-color: #CCF1E9\">\n\t\t\t\t\t<div class=\"row d-flex flex-md-nowrap align-items-center align-items-md-start justify-content-center justify-content-md-start\">\n\t\t\t\t\t\t<div class=\"col-12 col-md-8 px-5 px-md-2 pt-4 pb-5 pb-lg-4 py-xl-5\">\n\t\t\t\t\t\t\t\t\t\t\t\t\t\t<div class=\"ml-xl-2 mr-xl-5\"><p><strong>Bienvenue dans l&#8217;outil d&#8217;aide \u00e0 l&#8217;organisation d&#8217;\u00e9v\u00e9nements !<\/strong>  Sur cette page, vous trouverez tout ce qui est n\u00e9cessaire pour organiser votre propre \u00e9v\u00e9nement sur l&#8217;efficacit\u00e9 \u00e9nerg\u00e9tique. Dans cette bo\u00eete \u00e0 outils, vous trouverez des suggestions et des id\u00e9es que vous pouvez mettre en pratique. Inspirez-vous-en et choisissez ce qui vous semble le plus adapt\u00e9 \u00e0 votre \u00e9cosyst\u00e8me. <\/p>\n<p>Une fois que vous avez planifi\u00e9 votre \u00e9v\u00e9nement, <strong>communiquez-nous les d\u00e9tails \u00e0 l&#8217;aide de <a href=\"https:\/\/energyefficiencymovement.com\/event-submit\/\">ce formulaire.<\/a><\/strong> Nous le publierons sur le site web de l&#8217;EEM dans le calendrier des \u00e9v\u00e9nements.<\/p>\n<\/div>\n\t\t\t\t\t\t<\/div>\n\t\t\t\t\t\t<div class=\"col-12 col-md-2  order-first \">\n\t\t\t\t\t\t\t\t\t\t\t\t\t\t\t\t<img decoding=\"async\" src=\"https:\/\/energyefficiencymovement.com\/wp-content\/uploads\/2024\/11\/eem-icon-event.png\" alt=\"\" class=\"pl-3 pl-md-4 pl-xl-5 pr-3 pr-md-4 pr-xl-4 py-3 py-md-4 py-xl-5\" \/>\n\t\t\t\t\t\t\t\t\t\t\t\t\t<\/div>\n\t\t\t\t\t<\/div>\n\t\t\t\t<\/div>\n\t\t\t<\/div>\n\t\t<\/div>\n\t<\/div>\n\n\n<div class=\"wp-block-columns is-layout-flex wp-container-core-columns-is-layout-9d6595d7 wp-block-columns-is-layout-flex\">\n<div class=\"wp-block-column is-layout-flow wp-block-column-is-layout-flow\">\n\n\t<div class=\"contentblock extraSpace \">\n\t\t<div class=\"row  \" data-aos=\"fade-up\">\n\t\t\t<div class=\"col\">\n\t\t\t\t<div class=\"wrapper   mediumText \" style=\"background-color: #FFFFFF\">\n\t\t\t\t\t<div class=\"row d-flex align-items-start\">\n\t\t\t\t\t\t<div class=\"col-12\">\n\t\t\t\t\t\t\t<div class=\"pl-4 pl-md-5 pr-4 pr-lg-2 pt-4 pb-5 pb-lg-4 \">\n\t\t\t\t\t\t\t\t\t\t\t\t\t\t\t\t\t<h2 class=\"mr-xl-5\">Contenu<\/h2>\n\t\t\t\t\t\t\t\t\t\t\t\t\t\t\t\t<div class=\"mr-xl-5\"><div class=\"extraSpace\">\n<p><a href=\"https:\/\/energyefficiencymovement.com\/movers-area\/event-toolkit\/physical-event-the-venue\/\">Comment faire ? <strong>\u00c9v\u00e9nement physique &gt;&gt;<\/strong><\/a><br \/>\n<a href=\"https:\/\/energyefficiencymovement.com\/movers-area\/event-toolkit\/organizing-a-successful-webinar\/\">Comment faire ? <strong>Webinaires &gt;&gt;<\/strong><\/a><br \/>\n<a href=\"https:\/\/energyefficiencymovement.com\/movers-area\/event-toolkit\/organizing-a-virtual-conference\/\">Comment faire : <strong>Conf\u00e9rences virtuelles &gt;&gt;<\/strong><\/a><br \/>\n<a href=\"https:\/\/energyefficiencymovement.com\/movers-area\/event-toolkit\/guest-target-groups\/\">Comment faire ? <strong>Invit\u00e9s &gt;&gt;<\/strong><\/a><br \/>\n<a href=\"https:\/\/energyefficiencymovement.com\/movers-area\/event-toolkit\/setting-an-agenda-for-an-interactive-event\/\">Comment faire ? <strong>Agenda &gt;&gt;<\/strong><\/a><br \/>\n<a href=\"https:\/\/energyefficiencymovement.com\/movers-area\/event-toolkit\/facilitation-for-interactive-events\/\">Comment faire : <strong>Facilitation &gt;&gt;<\/strong><\/a><br \/>\n<a href=\"https:\/\/energyefficiencymovement.com\/movers-area\/communication-toolkit\/logos-images\/\">Comment faire : <strong>L&#8217;image de marque et les actifs de l&#8217;EEM &gt;&gt;<\/strong><\/a><br \/>\n<a href=\"https:\/\/energyefficiencymovement.com\/wp-content\/uploads\/2025\/01\/EEM-PPT-Template.pptx\">Comment faire : <strong>Mod\u00e8le de diaporama &gt;&gt;<\/strong><\/a><br \/>\n<a href=\"https:\/\/energyefficiencymovement.com\/wp-content\/uploads\/2024\/11\/EEM_Roll-ups.zip\">Comment faire : Posters<strong> &gt;&gt;<\/strong><\/a><br \/>\n<a href=\"https:\/\/energyefficiencymovement.com\/wp-content\/uploads\/2024\/11\/EEM_Roll-ups.zip\">Comment faire : <strong>Cartes de pr\u00e9sentateur &gt;&gt;<\/strong><\/a><br \/>\n<a href=\"https:\/\/energyefficiencymovement.com\/wp-content\/uploads\/2025\/01\/EEM_Presentation.pdf\">Comment faire : <strong>Pr\u00e9sentation de l&#8217;EEM &gt;&gt;<\/strong><\/a><\/p>\n<\/div>\n<\/div>\n\t\t\t\t\t\t\t<\/div>\n\t\t\t\t\t\t<\/div>\n\t\t\t\t\t<\/div>\n\t\t\t\t<\/div>\n\t\t\t<\/div>\n\t\t<\/div>\n\t<\/div>\n\n<\/div>\n\n\n\n<div class=\"wp-block-column is-layout-flow wp-block-column-is-layout-flow\">\n\n\t<div class=\"contentblock \">\n\t\t<div class=\"row pt-4 pb-3 \" data-aos=\"fade-up\">\n\t\t\t<div class=\"col\">\n\t\t\t\t<div class=\"wrapper  \" style=\"background-color: #CCF1E9\">\n\t\t\t\t\t<div class=\"row d-flex align-items-start\">\n\t\t\t\t\t\t<div class=\"col-12\">\n\t\t\t\t\t\t\t<div class=\"pl-4 pl-md-5 pr-4 pr-lg-2 pt-4 pb-5 pb-lg-4 py-xl-5\">\n\t\t\t\t\t\t\t\t\t\t\t\t\t\t\t\t\t<h2 class=\"mr-xl-5\">Conseils pour un \u00e9v\u00e9nement r\u00e9ussi<\/h2>\n\t\t\t\t\t\t\t\t\t\t\t\t\t\t\t\t<div class=\"mr-xl-5\"><table>\n<tbody>\n<tr>\n<td><img loading=\"lazy\" decoding=\"async\" class=\"alignnone size-full wp-image-13148 mt-3 mb-3 mr-4\" src=\"https:\/\/energyefficiencymovement.com\/wp-content\/uploads\/2024\/11\/eem-bullet-be-creative2.png\" alt=\"\" width=\"75\" height=\"75\" srcset=\"https:\/\/energyefficiencymovement.com\/wp-content\/uploads\/2024\/11\/eem-bullet-be-creative2.png 200w, https:\/\/energyefficiencymovement.com\/wp-content\/uploads\/2024\/11\/eem-bullet-be-creative2-150x150.png 150w\" sizes=\"auto, (max-width: 75px) 100vw, 75px\" \/><\/td>\n<td><strong>Ne rendez pas l&#8217;\u00e9v\u00e9nement trop complexe.<\/strong>  Soyez cr\u00e9atif &#8211; il n&#8217;est pas n\u00e9cessaire que l&#8217;\u00e9v\u00e9nement soit important ou que l&#8217;ordre du jour soit le meilleur. L&#8217;important est d&#8217;entamer le dialogue et de construire un r\u00e9seau. <\/td>\n<\/tr>\n<tr>\n<td><img loading=\"lazy\" decoding=\"async\" class=\"alignnone size-full wp-image-13149 mt-3 mb-3 mr-4\" src=\"https:\/\/energyefficiencymovement.com\/wp-content\/uploads\/2024\/11\/eem-bullet-own-the-event2.png\" alt=\"\" width=\"75\" height=\"75\" srcset=\"https:\/\/energyefficiencymovement.com\/wp-content\/uploads\/2024\/11\/eem-bullet-own-the-event2.png 200w, https:\/\/energyefficiencymovement.com\/wp-content\/uploads\/2024\/11\/eem-bullet-own-the-event2-150x150.png 150w\" sizes=\"auto, (max-width: 75px) 100vw, 75px\" \/><\/td>\n<td><strong>Appropriez-vous l&#8217;\u00e9v\u00e9nement<\/strong> &#8211; Limitez le nombre d&#8217;organisateurs pour simplifier la planification.<\/td>\n<\/tr>\n<tr>\n<td><img loading=\"lazy\" decoding=\"async\" class=\"alignnone size-full wp-image-13150 mt-3 mb-3 mr-4\" src=\"https:\/\/energyefficiencymovement.com\/wp-content\/uploads\/2024\/11\/eem-bullet-language2.png\" alt=\"\" width=\"75\" height=\"75\" srcset=\"https:\/\/energyefficiencymovement.com\/wp-content\/uploads\/2024\/11\/eem-bullet-language2.png 200w, https:\/\/energyefficiencymovement.com\/wp-content\/uploads\/2024\/11\/eem-bullet-language2-150x150.png 150w\" sizes=\"auto, (max-width: 75px) 100vw, 75px\" \/><\/td>\n<td><strong>Tenez compte de la langue<\/strong> &#8211; locale ou anglaise ?<\/td>\n<\/tr>\n<\/tbody>\n<\/table>\n<\/div>\n\t\t\t\t\t\t\t<\/div>\n\t\t\t\t\t\t<\/div>\n\t\t\t\t\t<\/div>\n\t\t\t\t<\/div>\n\t\t\t<\/div>\n\t\t<\/div>\n\t<\/div>\n\n<\/div>\n<\/div>\n\n<figure class=\"wp-block-image size-full rounded-corners\"><img loading=\"lazy\" decoding=\"async\" width=\"2560\" height=\"923\" src=\"https:\/\/energyefficiencymovement.com\/wp-content\/uploads\/2024\/04\/eem-hero-guidelines-scaled.jpg\" alt=\"\" class=\"wp-image-11254\" srcset=\"https:\/\/energyefficiencymovement.com\/wp-content\/uploads\/2024\/04\/eem-hero-guidelines-scaled.jpg 2560w, https:\/\/energyefficiencymovement.com\/wp-content\/uploads\/2024\/04\/eem-hero-guidelines-300x108.jpg 300w, https:\/\/energyefficiencymovement.com\/wp-content\/uploads\/2024\/04\/eem-hero-guidelines-1024x369.jpg 1024w, https:\/\/energyefficiencymovement.com\/wp-content\/uploads\/2024\/04\/eem-hero-guidelines-768x277.jpg 768w, https:\/\/energyefficiencymovement.com\/wp-content\/uploads\/2024\/04\/eem-hero-guidelines-1536x554.jpg 1536w, https:\/\/energyefficiencymovement.com\/wp-content\/uploads\/2024\/04\/eem-hero-guidelines-2048x738.jpg 2048w\" sizes=\"auto, (max-width: 2560px) 100vw, 2560px\" \/><\/figure>\n\n\n\t<div class=\"contentblock \">\n\t\t<div class=\"row pt-4 pb-3 \" data-aos=\"fade-up\">\n\t\t\t<div class=\"col\">\n\t\t\t\t<div class=\"wrapper   mediumText \" style=\"background-color: #FFFFFF\">\n\t\t\t\t\t<div class=\"row d-flex flex-md-nowrap align-items-center align-items-md-start justify-content-center justify-content-md-start\">\n\t\t\t\t\t\t<div class=\"col-12 col-md-8 px-5 px-md-2 pt-4 pb-5 pb-lg-4 py-xl-5\">\n\t\t\t\t\t\t\t\t\t\t\t\t\t\t\t<h2 class=\"ml-xl-2 mr-xl-5\">Antitrust<\/h2>\n\t\t\t\t\t\t\t\t\t\t\t\t\t\t<div class=\"ml-xl-2 mr-xl-5\"><p>Pour garantir une concurrence loyale et le respect des r\u00e8gles antitrust, tous les d\u00e9m\u00e9nageurs\/participants doivent s&#8217;abstenir de discuter ou d&#8217;\u00e9changer des informations commercialement sensibles. Cela inclut, sans s&#8217;y limiter, les strat\u00e9gies de prix, les co\u00fbts de production, le comportement concurrentiel ou les solutions techniques pour des projets sp\u00e9cifiques.<\/p>\n<p>Les d\u00e9m\u00e9nageurs\/participants sont tenus de mettre fin imm\u00e9diatement \u00e0 toute discussion ou conversation inappropri\u00e9e et de le signaler par les voies appropri\u00e9es.<\/p>\n<\/div>\n\t\t\t\t\t\t<\/div>\n\t\t\t\t\t\t<div class=\"col-12 col-md-2  order-first \">\n\t\t\t\t\t\t\t\t\t\t\t\t\t\t\t\t<img decoding=\"async\" src=\"https:\/\/energyefficiencymovement.com\/wp-content\/uploads\/2024\/11\/eem-icon-antitrust.png\" alt=\"\" class=\"pl-3 pl-md-4 pl-xl-5 pr-3 pr-md-4 pr-xl-4 py-3 py-md-4 py-xl-5\" \/>\n\t\t\t\t\t\t\t\t\t\t\t\t\t<\/div>\n\t\t\t\t\t<\/div>\n\t\t\t\t<\/div>\n\t\t\t<\/div>\n\t\t<\/div>\n\t<\/div>\n\n","protected":false},"excerpt":{"rendered":"<p> [&#8230;]<\/p>\n<p><a class=\"btn btn-secondary understrap-read-more-link\" href=\"https:\/\/energyefficiencymovement.com\/fr\/boite-a-outils-pour-les-evenements\/\">Lire la suite&#8230;<\/a><\/p>\n","protected":false},"author":1,"featured_media":19363,"parent":20281,"menu_order":0,"comment_status":"closed","ping_status":"closed","template":"page-plain.php","meta":{"_acf_changed":false,"_monsterinsights_skip_tracking":false,"_monsterinsights_sitenote_active":false,"_monsterinsights_sitenote_note":"","_monsterinsights_sitenote_category":0,"footnotes":""},"class_list":["post-20707","page","type-page","status-publish","has-post-thumbnail","hentry"],"acf":[],"_links":{"self":[{"href":"https:\/\/energyefficiencymovement.com\/fr\/wp-json\/wp\/v2\/pages\/20707","targetHints":{"allow":["GET"]}}],"collection":[{"href":"https:\/\/energyefficiencymovement.com\/fr\/wp-json\/wp\/v2\/pages"}],"about":[{"href":"https:\/\/energyefficiencymovement.com\/fr\/wp-json\/wp\/v2\/types\/page"}],"author":[{"embeddable":true,"href":"https:\/\/energyefficiencymovement.com\/fr\/wp-json\/wp\/v2\/users\/1"}],"replies":[{"embeddable":true,"href":"https:\/\/energyefficiencymovement.com\/fr\/wp-json\/wp\/v2\/comments?post=20707"}],"version-history":[{"count":0,"href":"https:\/\/energyefficiencymovement.com\/fr\/wp-json\/wp\/v2\/pages\/20707\/revisions"}],"up":[{"embeddable":true,"href":"https:\/\/energyefficiencymovement.com\/fr\/wp-json\/wp\/v2\/pages\/20281"}],"wp:featuredmedia":[{"embeddable":true,"href":"https:\/\/energyefficiencymovement.com\/fr\/wp-json\/wp\/v2\/media\/19363"}],"wp:attachment":[{"href":"https:\/\/energyefficiencymovement.com\/fr\/wp-json\/wp\/v2\/media?parent=20707"}],"curies":[{"name":"wp","href":"https:\/\/api.w.org\/{rel}","templated":true}]}}